{"id":651,"date":"2016-12-21T11:36:46","date_gmt":"2016-12-21T16:36:46","guid":{"rendered":"http:\/\/creditcounsellingcanada.ca\/?page_id=651\/"},"modified":"2020-03-10T11:52:16","modified_gmt":"2020-03-10T15:52:16","slug":"remboursement-de-dette","status":"publish","type":"page","link":"https:\/\/creditcounsellingcanada.ca\/fr\/remboursement-de-dette\/","title":{"rendered":"Remboursement de dette"},"content":{"rendered":"<p>[et_pb_section bb_built=\u00a0\u00bb1&Prime; admin_label=\u00a0\u00bbsection\u00a0\u00bb transparent_background=\u00a0\u00bboff\u00a0\u00bb allow_player_pause=\u00a0\u00bboff\u00a0\u00bb inner_shadow=\u00a0\u00bboff\u00a0\u00bb parallax=\u00a0\u00bboff\u00a0\u00bb parallax_method=\u00a0\u00bboff\u00a0\u00bb custom_padding=\u00a0\u00bb0px|0px|0px|0px\u00a0\u00bb padding_mobile=\u00a0\u00bbon\u00a0\u00bb make_fullwidth=\u00a0\u00bboff\u00a0\u00bb use_custom_width=\u00a0\u00bboff\u00a0\u00bb width_unit=\u00a0\u00bbon\u00a0\u00bb make_equal=\u00a0\u00bboff\u00a0\u00bb use_custom_gutter=\u00a0\u00bboff\u00a0\u00bb background_image=\u00a0\u00bbhttps:\/\/creditcounsellingcanada.ca\/wp-content\/uploads\/2016\/11\/How-Can-We-Help_Hero.jpg\u00a0\u00bb module_class=\u00a0\u00bbpage-title-image\u00a0\u00bb custom_padding_tablet=\u00a0\u00bb0px|0px|0px|0px\u00a0\u00bb inner_width=\u00a0\u00bbauto\u00a0\u00bb inner_max_width=\u00a0\u00bb970px\u00a0\u00bb next_background_color=\u00a0\u00bb#ffffff\u00a0\u00bb][et_pb_row admin_label=\u00a0\u00bbrow\u00a0\u00bb make_fullwidth=\u00a0\u00bbon\u00a0\u00bb use_custom_width=\u00a0\u00bboff\u00a0\u00bb width_unit=\u00a0\u00bbon\u00a0\u00bb use_custom_gutter=\u00a0\u00bboff\u00a0\u00bb custom_padding=\u00a0\u00bb0px|0px|0px|0px\u00a0\u00bb padding_mobile=\u00a0\u00bbon\u00a0\u00bb allow_player_pause=\u00a0\u00bboff\u00a0\u00bb parallax=\u00a0\u00bboff\u00a0\u00bb parallax_method=\u00a0\u00bboff\u00a0\u00bb make_equal=\u00a0\u00bboff\u00a0\u00bb column_padding_mobile=\u00a0\u00bbon\u00a0\u00bb background_position=\u00a0\u00bbtop_left\u00a0\u00bb background_repeat=\u00a0\u00bbrepeat\u00a0\u00bb background_size=\u00a0\u00bbinitial\u00a0\u00bb module_class=\u00a0\u00bb et_pb_row_fullwidth\u00a0\u00bb width=\u00a0\u00bb89%\u00a0\u00bb width_tablet=\u00a0\u00bb80%\u00a0\u00bb width_last_edited=\u00a0\u00bbon|desktop\u00a0\u00bb max_width=\u00a0\u00bb89%\u00a0\u00bb max_width_tablet=\u00a0\u00bb80%\u00a0\u00bb max_width_last_edited=\u00a0\u00bbon|desktop\u00a0\u00bb][et_pb_column type=\u00a0\u00bb4_4&Prime; custom_padding__hover=\u00a0\u00bb|||\u00a0\u00bb custom_padding=\u00a0\u00bb|||\u00a0\u00bb parallax_method=\u00a0\u00bboff\u00a0\u00bb][et_pb_text admin_label=\u00a0\u00bbHow We Can Help Image Page Title\u00a0\u00bb background_layout=\u00a0\u00bblight\u00a0\u00bb text_orientation=\u00a0\u00bbleft\u00a0\u00bb use_border_color=\u00a0\u00bboff\u00a0\u00bb border_color=\u00a0\u00bb#ffffff\u00a0\u00bb border_style=\u00a0\u00bbsolid\u00a0\u00bb background_position=\u00a0\u00bbtop_left\u00a0\u00bb background_repeat=\u00a0\u00bbrepeat\u00a0\u00bb background_size=\u00a0\u00bbinitial\u00a0\u00bb]<\/p>\n<h2>COMMENT NOUS AIDONS<\/h2>\n<p>[\/et_pb_text][\/et_pb_column][\/et_pb_row][\/et_pb_section][et_pb_section bb_built=\u00a0\u00bb1&Prime; admin_label=\u00a0\u00bbsection\u00a0\u00bb transparent_background=\u00a0\u00bboff\u00a0\u00bb allow_player_pause=\u00a0\u00bboff\u00a0\u00bb inner_shadow=\u00a0\u00bboff\u00a0\u00bb parallax=\u00a0\u00bboff\u00a0\u00bb parallax_method=\u00a0\u00bboff\u00a0\u00bb padding_mobile=\u00a0\u00bbon\u00a0\u00bb make_fullwidth=\u00a0\u00bboff\u00a0\u00bb use_custom_width=\u00a0\u00bboff\u00a0\u00bb width_unit=\u00a0\u00bbon\u00a0\u00bb make_equal=\u00a0\u00bboff\u00a0\u00bb use_custom_gutter=\u00a0\u00bboff\u00a0\u00bb module_class=\u00a0\u00bbcustom-sidebar-page\u00a0\u00bb custom_padding=\u00a0\u00bb9px||9px|\u00a0\u00bb custom_padding_tablet=\u00a0\u00bb9px||9px|\u00a0\u00bb inner_width=\u00a0\u00bbauto\u00a0\u00bb inner_max_width=\u00a0\u00bb970px\u00a0\u00bb prev_background_color=\u00a0\u00bb#ffffff\u00a0\u00bb next_background_color=\u00a0\u00bb#000000&Prime;][et_pb_row admin_label=\u00a0\u00bbrow\u00a0\u00bb background_position=\u00a0\u00bbtop_left\u00a0\u00bb background_repeat=\u00a0\u00bbrepeat\u00a0\u00bb background_size=\u00a0\u00bbinitial\u00a0\u00bb width=\u00a0\u00bb80%\u00a0\u00bb max_width=\u00a0\u00bb970px\u00a0\u00bb][et_pb_column type=\u00a0\u00bb4_4&Prime; custom_padding__hover=\u00a0\u00bb|||\u00a0\u00bb custom_padding=\u00a0\u00bb|||\u00a0\u00bb parallax_method=\u00a0\u00bboff\u00a0\u00bb][et_pb_text use_border_color=\u00a0\u00bboff\u00a0\u00bb background_position=\u00a0\u00bbtop_left\u00a0\u00bb background_repeat=\u00a0\u00bbrepeat\u00a0\u00bb background_size=\u00a0\u00bbinitial\u00a0\u00bb _builder_version=\u00a0\u00bb3.27.4&Prime; text_text_shadow_horizontal_length=\u00a0\u00bbtext_text_shadow_style,%91object Object%93&Prime; text_text_shadow_horizontal_length_tablet=\u00a0\u00bb0px\u00a0\u00bb text_text_shadow_vertical_length=\u00a0\u00bbtext_text_shadow_style,%91object Object%93&Prime; text_text_shadow_vertical_length_tablet=\u00a0\u00bb0px\u00a0\u00bb text_text_shadow_blur_strength=\u00a0\u00bbtext_text_shadow_style,%91object Object%93&Prime; text_text_shadow_blur_strength_tablet=\u00a0\u00bb1px\u00a0\u00bb link_text_shadow_horizontal_length=\u00a0\u00bblink_text_shadow_style,%91object Object%93&Prime; link_text_shadow_horizontal_length_tablet=\u00a0\u00bb0px\u00a0\u00bb link_text_shadow_vertical_length=\u00a0\u00bblink_text_shadow_style,%91object Object%93&Prime; link_text_shadow_vertical_length_tablet=\u00a0\u00bb0px\u00a0\u00bb link_text_shadow_blur_strength=\u00a0\u00bblink_text_shadow_style,%91object Object%93&Prime; link_text_shadow_blur_strength_tablet=\u00a0\u00bb1px\u00a0\u00bb ul_text_shadow_horizontal_length=\u00a0\u00bbul_text_shadow_style,%91object Object%93&Prime; ul_text_shadow_horizontal_length_tablet=\u00a0\u00bb0px\u00a0\u00bb ul_text_shadow_vertical_length=\u00a0\u00bbul_text_shadow_style,%91object Object%93&Prime; ul_text_shadow_vertical_length_tablet=\u00a0\u00bb0px\u00a0\u00bb ul_text_shadow_blur_strength=\u00a0\u00bbul_text_shadow_style,%91object Object%93&Prime; ul_text_shadow_blur_strength_tablet=\u00a0\u00bb1px\u00a0\u00bb ol_text_shadow_horizontal_length=\u00a0\u00bbol_text_shadow_style,%91object Object%93&Prime; ol_text_shadow_horizontal_length_tablet=\u00a0\u00bb0px\u00a0\u00bb ol_text_shadow_vertical_length=\u00a0\u00bbol_text_shadow_style,%91object Object%93&Prime; ol_text_shadow_vertical_length_tablet=\u00a0\u00bb0px\u00a0\u00bb ol_text_shadow_blur_strength=\u00a0\u00bbol_text_shadow_style,%91object Object%93&Prime; ol_text_shadow_blur_strength_tablet=\u00a0\u00bb1px\u00a0\u00bb quote_text_shadow_horizontal_length=\u00a0\u00bbquote_text_shadow_style,%91object Object%93&Prime; quote_text_shadow_horizontal_length_tablet=\u00a0\u00bb0px\u00a0\u00bb quote_text_shadow_vertical_length=\u00a0\u00bbquote_text_shadow_style,%91object Object%93&Prime; quote_text_shadow_vertical_length_tablet=\u00a0\u00bb0px\u00a0\u00bb quote_text_shadow_blur_strength=\u00a0\u00bbquote_text_shadow_style,%91object Object%93&Prime; quote_text_shadow_blur_strength_tablet=\u00a0\u00bb1px\u00a0\u00bb header_text_shadow_horizontal_length=\u00a0\u00bbheader_text_shadow_style,%91object Object%93&Prime; header_text_shadow_horizontal_length_tablet=\u00a0\u00bb0px\u00a0\u00bb header_text_shadow_vertical_length=\u00a0\u00bbheader_text_shadow_style,%91object Object%93&Prime; header_text_shadow_vertical_length_tablet=\u00a0\u00bb0px\u00a0\u00bb header_text_shadow_blur_strength=\u00a0\u00bbheader_text_shadow_style,%91object Object%93&Prime; header_text_shadow_blur_strength_tablet=\u00a0\u00bb1px\u00a0\u00bb header_2_text_shadow_horizontal_length=\u00a0\u00bbheader_2_text_shadow_style,%91object Object%93&Prime; header_2_text_shadow_horizontal_length_tablet=\u00a0\u00bb0px\u00a0\u00bb header_2_text_shadow_vertical_length=\u00a0\u00bbheader_2_text_shadow_style,%91object Object%93&Prime; header_2_text_shadow_vertical_length_tablet=\u00a0\u00bb0px\u00a0\u00bb header_2_text_shadow_blur_strength=\u00a0\u00bbheader_2_text_shadow_style,%91object Object%93&Prime; header_2_text_shadow_blur_strength_tablet=\u00a0\u00bb1px\u00a0\u00bb header_3_text_shadow_horizontal_length=\u00a0\u00bbheader_3_text_shadow_style,%91object Object%93&Prime; header_3_text_shadow_horizontal_length_tablet=\u00a0\u00bb0px\u00a0\u00bb header_3_text_shadow_vertical_length=\u00a0\u00bbheader_3_text_shadow_style,%91object Object%93&Prime; header_3_text_shadow_vertical_length_tablet=\u00a0\u00bb0px\u00a0\u00bb header_3_text_shadow_blur_strength=\u00a0\u00bbheader_3_text_shadow_style,%91object Object%93&Prime; header_3_text_shadow_blur_strength_tablet=\u00a0\u00bb1px\u00a0\u00bb header_4_text_shadow_horizontal_length=\u00a0\u00bbheader_4_text_shadow_style,%91object Object%93&Prime; header_4_text_shadow_horizontal_length_tablet=\u00a0\u00bb0px\u00a0\u00bb header_4_text_shadow_vertical_length=\u00a0\u00bbheader_4_text_shadow_style,%91object Object%93&Prime; header_4_text_shadow_vertical_length_tablet=\u00a0\u00bb0px\u00a0\u00bb header_4_text_shadow_blur_strength=\u00a0\u00bbheader_4_text_shadow_style,%91object Object%93&Prime; header_4_text_shadow_blur_strength_tablet=\u00a0\u00bb1px\u00a0\u00bb header_5_text_shadow_horizontal_length=\u00a0\u00bbheader_5_text_shadow_style,%91object Object%93&Prime; header_5_text_shadow_horizontal_length_tablet=\u00a0\u00bb0px\u00a0\u00bb header_5_text_shadow_vertical_length=\u00a0\u00bbheader_5_text_shadow_style,%91object Object%93&Prime; header_5_text_shadow_vertical_length_tablet=\u00a0\u00bb0px\u00a0\u00bb header_5_text_shadow_blur_strength=\u00a0\u00bbheader_5_text_shadow_style,%91object Object%93&Prime; header_5_text_shadow_blur_strength_tablet=\u00a0\u00bb1px\u00a0\u00bb header_6_text_shadow_horizontal_length=\u00a0\u00bbheader_6_text_shadow_style,%91object Object%93&Prime; header_6_text_shadow_horizontal_length_tablet=\u00a0\u00bb0px\u00a0\u00bb header_6_text_shadow_vertical_length=\u00a0\u00bbheader_6_text_shadow_style,%91object Object%93&Prime; header_6_text_shadow_vertical_length_tablet=\u00a0\u00bb0px\u00a0\u00bb header_6_text_shadow_blur_strength=\u00a0\u00bbheader_6_text_shadow_style,%91object Object%93&Prime; header_6_text_shadow_blur_strength_tablet=\u00a0\u00bb1px\u00a0\u00bb box_shadow_horizontal_tablet=\u00a0\u00bb0px\u00a0\u00bb box_shadow_vertical_tablet=\u00a0\u00bb0px\u00a0\u00bb box_shadow_blur_tablet=\u00a0\u00bb40px\u00a0\u00bb box_shadow_spread_tablet=\u00a0\u00bb0px\u00a0\u00bb z_index_tablet=\u00a0\u00bb500&Prime;]<\/p>\n<h1 class=\"h2-redstroke\">REMBOURSEMENT<br \/>\nDE DETTE<\/h1>\n<p>Les cr\u00e9anciers sont autant que vous en faveur de solutions de dette. Ils risquent d\u2019\u00eatre plus r\u00e9ceptifs que vous ne le pensez \u00e0 vous donner le temps dont vous avez besoin pour rembourser votre dette. Il est toujours utile quand un plan solide est mis en place par l\u2019entremise d\u2019un organisme de conseil en cr\u00e9dit.<\/p>\n<p>Selon votre situation, plusieurs options s\u2019offrent \u00e0 vous pour la gestion de dette dont votre conseiller en mati\u00e8re de cr\u00e9dit discutera avec vous. Une de ces options peut comprendre un programme de remboursement de dette.<\/p>\n<p>Un programme de remboursement de dette peut \u00eatre per\u00e7u comme une consolidation de dette. Votre conseiller en mati\u00e8re de cr\u00e9dit travaillera en collaboration avec vous et avec vos cr\u00e9anciers pour consolider vos dettes en un versement mensuel abordable divis\u00e9 entre vos cr\u00e9anciers. Vous d\u00e9terminerez ce que vous \u00eates en mesure de faire comme mensualit\u00e9, tout en maintenant un style de vie raisonnable.<\/p>\n<p>Le programme visera \u00e0&nbsp;:<\/p>\n<ul>\n<li>R\u00e9duire vos mensualit\u00e9s;<\/li>\n<li>R\u00e9duire vos int\u00e9r\u00eats et autres frais;<\/li>\n<li>\u00c9liminer les appels de la part des cr\u00e9anciers;<\/li>\n<li>Rembourser les dettes dans des d\u00e9lais raisonnables;<\/li>\n<li>R\u00e9tablir votre cr\u00e9dit;<\/li>\n<li>Vous soulager de votre stress.<\/li>\n<\/ul>\n<p>Un syst\u00e8me est mis en place pour des versements mensuels pratiques qui sont enti\u00e8rement s\u00e9curis\u00e9s et suivis. Tout au long du programme, vous jouirez du soutien de votre conseiller en mati\u00e8re de cr\u00e9dit. Il effectuera des examens financiers r\u00e9guliers, vous aidera \u00e0 am\u00e9liorer vos habitudes de gestion financi\u00e8re et vous guidera jusqu\u2019\u00e0 la r\u00e9ussite du programme.<\/p>\n<p>Afin de mettre sur pied un programme de remboursement de dette vous devez pr\u00e9voir un <a href=\"https:\/\/creditcounsellingcanada.ca\/fr\/conseil-en-credit\/\">rendez-vous de conseil en cr\u00e9dit<\/a> en compagnie d\u2019un conseiller en mati\u00e8re de cr\u00e9dit.<br \/>\n&nbsp;<br \/>\n<div class='et-box et-info'>\n\t\t\t\t\t<div class='et-box-content'>Nos membres aident pr\u00e9sentement plus de 14,000 Canadiennes et Canadiens \u00e0 rembourser leur dette par l\u2019entremise d\u2019un programme de remboursement de dette.<\/div><\/div><\/p>\n<blockquote><p><em>\u00ab&nbsp;Nous tenons \u00e0 vous remercier, vous et votre personnel, de l\u2019aide et de la direction que nous avons re\u00e7ues tout au long du programme de remboursement de dette. Non seulement le programme a-t-il permis de r\u00e9soudre nos probl\u00e8mes financiers imm\u00e9diats, il nous a \u00e9galement appris \u00e0 \u00e9tablir un budget et un plan pour le reste de nos jours. Il est impossible d\u2019exag\u00e9rer l\u2019importance des le\u00e7ons que nous avons apprises et l\u2019impact que le programme sur notre vie.&nbsp;\u00bb<\/em><\/p>\n<p style=\"text-align: right;\">Client du PRD, Services cr\u00e9dit conseil, provinces de l\u2019Atlantique<\/p>\n<\/blockquote>\n<p>[\/et_pb_text][\/et_pb_column][\/et_pb_row][\/et_pb_section]<\/p>\n","protected":false},"excerpt":{"rendered":"<p>COMMENT NOUS AIDONS REMBOURSEMENT DE DETTE Les cr\u00e9anciers sont autant que vous en faveur de solutions de dette. Ils risquent d\u2019\u00eatre plus r\u00e9ceptifs que vous ne le pensez \u00e0 vous [&hellip;]<\/p>\n","protected":false},"author":1,"featured_media":0,"parent":0,"menu_order":0,"comment_status":"closed","ping_status":"closed","template":"","meta":{"_et_pb_use_builder":"on","_et_pb_old_content":"Creditors want debt solutions as much as you do. Chances are they will be more receptive than you think to give you the time you need to pay your debts. It always helps when a proper plan is put in place through an accredited credit counselling agency.\r\n\r\nDepending on your situation, there are several options for debt management which your credit counsellor will discuss with you. One of the options may include a debt repayment program.\r\n\r\nA debt repayment program can be viewed somewhat like debt consolidation. Your credit counsellor will work with you and your creditors to arrange your debts into one affordable monthly payment that is divided among your creditors. You will determine what you can afford for a payment each month, while still maintaining a reasonable lifestyle.\r\n\r\nThe program will aim to:\r\n<ul>\r\n \t<li>Reduce your monthly payments<\/li>\r\n \t<li>Reduce your interest and other fees<\/li>\r\n \t<li>Eliminate calls from creditors<\/li>\r\n \t<li>Repay all debts in a reasonable time frame<\/li>\r\n \t<li>Re-establish your credit<\/li>\r\n \t<li>Relieve stress<\/li>\r\n<\/ul>\r\nA system is set up for convenient monthly payments that are fully secure and tracked. Throughout the program you will have the support of your credit counsellor. They will conduct regular financial reviews, help you to improve your money management habits and lead you towards\u00a0successful completion of the\u00a0program.\r\n\r\nTo setup a debt repayment program you will need to have a <a href=\"https:\/\/creditcounsellingcanada.ca\/contact-us\/\">credit counselling\u00a0appointment<\/a> with a certified credit counsellor.\r\n<blockquote><em>\u201cWe want to thank you and your staff for the help and guidance that we have received throughout the Debt Repayment Program. The program did not only solve our immediate financial problems, but taught us how to budget and plan for the rest of our lives. We cannot overstate the importance of the lessons we have learned and the impact that the program has had on our lives.\u201d<\/em><\/blockquote>\r\n<p style=\"text-align: right;\">DRP Client, Credit Counselling Service of Atlantic Canada<\/p>","_et_gb_content_width":"","footnotes":""},"class_list":["post-651","page","type-page","status-publish","hentry"],"yoast_head":"<!-- This site is optimized with the Yoast SEO plugin v27.3 - https:\/\/yoast.com\/product\/yoast-seo-wordpress\/ -->\n<title>Remboursement de dette- Conseil en cr\u00e9dit du Canada<\/title>\n<meta name=\"description\" content=\"Rembourser vos dettes. Consolider vos dettes en un versement mensuel abordable divis\u00e9 entre vos cr\u00e9anciers.\" \/>\n<meta name=\"robots\" content=\"index, follow, max-snippet:-1, max-image-preview:large, max-video-preview:-1\" \/>\n<link rel=\"canonical\" href=\"https:\/\/creditcounsellingcanada.ca\/fr\/remboursement-de-dette\/\" \/>\n<meta property=\"og:locale\" content=\"fr_FR\" \/>\n<meta property=\"og:type\" content=\"article\" \/>\n<meta property=\"og:title\" content=\"Remboursement de dette- Conseil en cr\u00e9dit du Canada\" \/>\n<meta property=\"og:description\" content=\"Rembourser vos dettes. Consolider vos dettes en un versement mensuel abordable divis\u00e9 entre vos cr\u00e9anciers.\" \/>\n<meta property=\"og:url\" content=\"https:\/\/creditcounsellingcanada.ca\/fr\/remboursement-de-dette\/\" \/>\n<meta property=\"og:site_name\" content=\"Conseil en cr\u00e9dit du Canada Fran\u00e7ais\" \/>\n<meta property=\"article:modified_time\" content=\"2020-03-10T15:52:16+00:00\" \/>\n<meta name=\"twitter:card\" content=\"summary_large_image\" \/>\n<meta name=\"twitter:label1\" content=\"Dur\u00e9e de lecture estim\u00e9e\" \/>\n\t<meta name=\"twitter:data1\" content=\"7 minutes\" \/>\n<script type=\"application\/ld+json\" class=\"yoast-schema-graph\">{\"@context\":\"https:\\\/\\\/schema.org\",\"@graph\":[{\"@type\":\"WebPage\",\"@id\":\"https:\\\/\\\/creditcounsellingcanada.ca\\\/fr\\\/remboursement-de-dette\\\/\",\"url\":\"https:\\\/\\\/creditcounsellingcanada.ca\\\/fr\\\/remboursement-de-dette\\\/\",\"name\":\"Remboursement de dette- Conseil en cr\u00e9dit du Canada\",\"isPartOf\":{\"@id\":\"https:\\\/\\\/creditcounsellingcanada.ca\\\/fr\\\/#website\"},\"datePublished\":\"2016-12-21T16:36:46+00:00\",\"dateModified\":\"2020-03-10T15:52:16+00:00\",\"description\":\"Rembourser vos dettes. Consolider vos dettes en un versement mensuel abordable divis\u00e9 entre vos cr\u00e9anciers.\",\"breadcrumb\":{\"@id\":\"https:\\\/\\\/creditcounsellingcanada.ca\\\/fr\\\/remboursement-de-dette\\\/#breadcrumb\"},\"inLanguage\":\"fr-FR\",\"potentialAction\":[{\"@type\":\"ReadAction\",\"target\":[\"https:\\\/\\\/creditcounsellingcanada.ca\\\/fr\\\/remboursement-de-dette\\\/\"]}]},{\"@type\":\"BreadcrumbList\",\"@id\":\"https:\\\/\\\/creditcounsellingcanada.ca\\\/fr\\\/remboursement-de-dette\\\/#breadcrumb\",\"itemListElement\":[{\"@type\":\"ListItem\",\"position\":1,\"name\":\"Home\",\"item\":\"https:\\\/\\\/creditcounsellingcanada.ca\\\/fr\\\/\"},{\"@type\":\"ListItem\",\"position\":2,\"name\":\"Remboursement de dette\"}]},{\"@type\":\"WebSite\",\"@id\":\"https:\\\/\\\/creditcounsellingcanada.ca\\\/fr\\\/#website\",\"url\":\"https:\\\/\\\/creditcounsellingcanada.ca\\\/fr\\\/\",\"name\":\"Conseil en cr\u00e9dit du Canada Fran\u00e7ais\",\"description\":\"Canada\u2019s Specialists in Debt Consolidation Alternatives &amp; Credit Counselling\",\"potentialAction\":[{\"@type\":\"SearchAction\",\"target\":{\"@type\":\"EntryPoint\",\"urlTemplate\":\"https:\\\/\\\/creditcounsellingcanada.ca\\\/fr\\\/?s={search_term_string}\"},\"query-input\":{\"@type\":\"PropertyValueSpecification\",\"valueRequired\":true,\"valueName\":\"search_term_string\"}}],\"inLanguage\":\"fr-FR\"}]}<\/script>\n<!-- \/ Yoast SEO plugin. -->","yoast_head_json":{"title":"Remboursement de dette- Conseil en cr\u00e9dit du Canada","description":"Rembourser vos dettes. Consolider vos dettes en un versement mensuel abordable divis\u00e9 entre vos cr\u00e9anciers.","robots":{"index":"index","follow":"follow","max-snippet":"max-snippet:-1","max-image-preview":"max-image-preview:large","max-video-preview":"max-video-preview:-1"},"canonical":"https:\/\/creditcounsellingcanada.ca\/fr\/remboursement-de-dette\/","og_locale":"fr_FR","og_type":"article","og_title":"Remboursement de dette- Conseil en cr\u00e9dit du Canada","og_description":"Rembourser vos dettes. Consolider vos dettes en un versement mensuel abordable divis\u00e9 entre vos cr\u00e9anciers.","og_url":"https:\/\/creditcounsellingcanada.ca\/fr\/remboursement-de-dette\/","og_site_name":"Conseil en cr\u00e9dit du Canada Fran\u00e7ais","article_modified_time":"2020-03-10T15:52:16+00:00","twitter_card":"summary_large_image","twitter_misc":{"Dur\u00e9e de lecture estim\u00e9e":"7 minutes"},"schema":{"@context":"https:\/\/schema.org","@graph":[{"@type":"WebPage","@id":"https:\/\/creditcounsellingcanada.ca\/fr\/remboursement-de-dette\/","url":"https:\/\/creditcounsellingcanada.ca\/fr\/remboursement-de-dette\/","name":"Remboursement de dette- Conseil en cr\u00e9dit du Canada","isPartOf":{"@id":"https:\/\/creditcounsellingcanada.ca\/fr\/#website"},"datePublished":"2016-12-21T16:36:46+00:00","dateModified":"2020-03-10T15:52:16+00:00","description":"Rembourser vos dettes. Consolider vos dettes en un versement mensuel abordable divis\u00e9 entre vos cr\u00e9anciers.","breadcrumb":{"@id":"https:\/\/creditcounsellingcanada.ca\/fr\/remboursement-de-dette\/#breadcrumb"},"inLanguage":"fr-FR","potentialAction":[{"@type":"ReadAction","target":["https:\/\/creditcounsellingcanada.ca\/fr\/remboursement-de-dette\/"]}]},{"@type":"BreadcrumbList","@id":"https:\/\/creditcounsellingcanada.ca\/fr\/remboursement-de-dette\/#breadcrumb","itemListElement":[{"@type":"ListItem","position":1,"name":"Home","item":"https:\/\/creditcounsellingcanada.ca\/fr\/"},{"@type":"ListItem","position":2,"name":"Remboursement de dette"}]},{"@type":"WebSite","@id":"https:\/\/creditcounsellingcanada.ca\/fr\/#website","url":"https:\/\/creditcounsellingcanada.ca\/fr\/","name":"Conseil en cr\u00e9dit du Canada Fran\u00e7ais","description":"Canada\u2019s Specialists in Debt Consolidation Alternatives &amp; Credit Counselling","potentialAction":[{"@type":"SearchAction","target":{"@type":"EntryPoint","urlTemplate":"https:\/\/creditcounsellingcanada.ca\/fr\/?s={search_term_string}"},"query-input":{"@type":"PropertyValueSpecification","valueRequired":true,"valueName":"search_term_string"}}],"inLanguage":"fr-FR"}]}},"_links":{"self":[{"href":"https:\/\/creditcounsellingcanada.ca\/fr\/wp-json\/wp\/v2\/pages\/651","targetHints":{"allow":["GET"]}}],"collection":[{"href":"https:\/\/creditcounsellingcanada.ca\/fr\/wp-json\/wp\/v2\/pages"}],"about":[{"href":"https:\/\/creditcounsellingcanada.ca\/fr\/wp-json\/wp\/v2\/types\/page"}],"author":[{"embeddable":true,"href":"https:\/\/creditcounsellingcanada.ca\/fr\/wp-json\/wp\/v2\/users\/1"}],"replies":[{"embeddable":true,"href":"https:\/\/creditcounsellingcanada.ca\/fr\/wp-json\/wp\/v2\/comments?post=651"}],"version-history":[{"count":3,"href":"https:\/\/creditcounsellingcanada.ca\/fr\/wp-json\/wp\/v2\/pages\/651\/revisions"}],"predecessor-version":[{"id":5719,"href":"https:\/\/creditcounsellingcanada.ca\/fr\/wp-json\/wp\/v2\/pages\/651\/revisions\/5719"}],"wp:attachment":[{"href":"https:\/\/creditcounsellingcanada.ca\/fr\/wp-json\/wp\/v2\/media?parent=651"}],"curies":[{"name":"wp","href":"https:\/\/api.w.org\/{rel}","templated":true}]}}