{"id":662,"date":"2016-12-21T12:35:00","date_gmt":"2016-12-21T17:35:00","guid":{"rendered":"http:\/\/creditcounsellingcanada.ca\/?page_id=662\/"},"modified":"2020-08-28T13:26:25","modified_gmt":"2020-08-28T17:26:25","slug":"cote-de-credit","status":"publish","type":"page","link":"https:\/\/creditcounsellingcanada.ca\/fr\/cote-de-credit\/","title":{"rendered":"Cote de cr\u00e9dit"},"content":{"rendered":"<p>[et_pb_section bb_built=\u00a0\u00bb1&Prime; admin_label=\u00a0\u00bbsection\u00a0\u00bb transparent_background=\u00a0\u00bboff\u00a0\u00bb allow_player_pause=\u00a0\u00bboff\u00a0\u00bb inner_shadow=\u00a0\u00bboff\u00a0\u00bb parallax=\u00a0\u00bboff\u00a0\u00bb parallax_method=\u00a0\u00bboff\u00a0\u00bb custom_padding=\u00a0\u00bb0px|0px|0px|0px\u00a0\u00bb padding_mobile=\u00a0\u00bbon\u00a0\u00bb make_fullwidth=\u00a0\u00bboff\u00a0\u00bb use_custom_width=\u00a0\u00bboff\u00a0\u00bb width_unit=\u00a0\u00bbon\u00a0\u00bb make_equal=\u00a0\u00bboff\u00a0\u00bb use_custom_gutter=\u00a0\u00bboff\u00a0\u00bb background_image=\u00a0\u00bbhttps:\/\/creditcounsellingcanada.ca\/wp-content\/uploads\/2016\/12\/Education_Hero.jpg\u00a0\u00bb module_class=\u00a0\u00bbpage-title-image\u00a0\u00bb custom_padding_tablet=\u00a0\u00bb0px|0px|0px|0px\u00a0\u00bb inner_width=\u00a0\u00bbauto\u00a0\u00bb inner_max_width=\u00a0\u00bb970px\u00a0\u00bb next_background_color=\u00a0\u00bb#ffffff\u00a0\u00bb][et_pb_row admin_label=\u00a0\u00bbrow\u00a0\u00bb make_fullwidth=\u00a0\u00bbon\u00a0\u00bb use_custom_width=\u00a0\u00bboff\u00a0\u00bb width_unit=\u00a0\u00bbon\u00a0\u00bb use_custom_gutter=\u00a0\u00bboff\u00a0\u00bb custom_padding=\u00a0\u00bb0px|0px|0px|0px\u00a0\u00bb padding_mobile=\u00a0\u00bbon\u00a0\u00bb allow_player_pause=\u00a0\u00bboff\u00a0\u00bb parallax=\u00a0\u00bboff\u00a0\u00bb parallax_method=\u00a0\u00bboff\u00a0\u00bb make_equal=\u00a0\u00bboff\u00a0\u00bb column_padding_mobile=\u00a0\u00bbon\u00a0\u00bb background_position=\u00a0\u00bbtop_left\u00a0\u00bb background_repeat=\u00a0\u00bbrepeat\u00a0\u00bb background_size=\u00a0\u00bbinitial\u00a0\u00bb module_class=\u00a0\u00bb et_pb_row_fullwidth\u00a0\u00bb width=\u00a0\u00bb89%\u00a0\u00bb width_tablet=\u00a0\u00bb80%\u00a0\u00bb width_last_edited=\u00a0\u00bbon|desktop\u00a0\u00bb max_width=\u00a0\u00bb89%\u00a0\u00bb max_width_tablet=\u00a0\u00bb80%\u00a0\u00bb max_width_last_edited=\u00a0\u00bbon|desktop\u00a0\u00bb][et_pb_column type=\u00a0\u00bb4_4&Prime; custom_padding__hover=\u00a0\u00bb|||\u00a0\u00bb custom_padding=\u00a0\u00bb|||\u00a0\u00bb parallax_method=\u00a0\u00bboff\u00a0\u00bb][et_pb_text admin_label=\u00a0\u00bbEducation Image Page Title\u00a0\u00bb background_layout=\u00a0\u00bblight\u00a0\u00bb text_orientation=\u00a0\u00bbleft\u00a0\u00bb use_border_color=\u00a0\u00bboff\u00a0\u00bb border_color=\u00a0\u00bb#ffffff\u00a0\u00bb border_style=\u00a0\u00bbsolid\u00a0\u00bb background_position=\u00a0\u00bbtop_left\u00a0\u00bb background_repeat=\u00a0\u00bbrepeat\u00a0\u00bb background_size=\u00a0\u00bbinitial\u00a0\u00bb]<\/p>\n<h2>\u00c9DUCATION<\/h2>\n<p>[\/et_pb_text][\/et_pb_column][\/et_pb_row][\/et_pb_section][et_pb_section bb_built=\u00a0\u00bb1&Prime; admin_label=\u00a0\u00bbsection\u00a0\u00bb transparent_background=\u00a0\u00bboff\u00a0\u00bb allow_player_pause=\u00a0\u00bboff\u00a0\u00bb inner_shadow=\u00a0\u00bboff\u00a0\u00bb parallax=\u00a0\u00bboff\u00a0\u00bb parallax_method=\u00a0\u00bboff\u00a0\u00bb padding_mobile=\u00a0\u00bbon\u00a0\u00bb make_fullwidth=\u00a0\u00bboff\u00a0\u00bb use_custom_width=\u00a0\u00bboff\u00a0\u00bb width_unit=\u00a0\u00bbon\u00a0\u00bb make_equal=\u00a0\u00bboff\u00a0\u00bb use_custom_gutter=\u00a0\u00bboff\u00a0\u00bb module_class=\u00a0\u00bbcustom-sidebar-page\u00a0\u00bb custom_padding=\u00a0\u00bb9px||9px|\u00a0\u00bb custom_padding_tablet=\u00a0\u00bb9px||9px|\u00a0\u00bb inner_width=\u00a0\u00bbauto\u00a0\u00bb inner_max_width=\u00a0\u00bb970px\u00a0\u00bb prev_background_color=\u00a0\u00bb#ffffff\u00a0\u00bb next_background_color=\u00a0\u00bb#000000&Prime;][et_pb_row admin_label=\u00a0\u00bbrow\u00a0\u00bb background_position=\u00a0\u00bbtop_left\u00a0\u00bb background_repeat=\u00a0\u00bbrepeat\u00a0\u00bb background_size=\u00a0\u00bbinitial\u00a0\u00bb width=\u00a0\u00bb80%\u00a0\u00bb max_width=\u00a0\u00bb970px\u00a0\u00bb][et_pb_column type=\u00a0\u00bb4_4&Prime; custom_padding__hover=\u00a0\u00bb|||\u00a0\u00bb custom_padding=\u00a0\u00bb|||\u00a0\u00bb parallax_method=\u00a0\u00bboff\u00a0\u00bb][et_pb_text use_border_color=\u00a0\u00bboff\u00a0\u00bb background_position=\u00a0\u00bbtop_left\u00a0\u00bb background_repeat=\u00a0\u00bbrepeat\u00a0\u00bb background_size=\u00a0\u00bbinitial\u00a0\u00bb _builder_version=\u00a0\u00bb3.27.4&Prime; text_text_shadow_horizontal_length=\u00a0\u00bbtext_text_shadow_style,%91object Object%93&Prime; text_text_shadow_horizontal_length_tablet=\u00a0\u00bb0px\u00a0\u00bb text_text_shadow_vertical_length=\u00a0\u00bbtext_text_shadow_style,%91object Object%93&Prime; text_text_shadow_vertical_length_tablet=\u00a0\u00bb0px\u00a0\u00bb text_text_shadow_blur_strength=\u00a0\u00bbtext_text_shadow_style,%91object Object%93&Prime; text_text_shadow_blur_strength_tablet=\u00a0\u00bb1px\u00a0\u00bb link_text_shadow_horizontal_length=\u00a0\u00bblink_text_shadow_style,%91object Object%93&Prime; link_text_shadow_horizontal_length_tablet=\u00a0\u00bb0px\u00a0\u00bb link_text_shadow_vertical_length=\u00a0\u00bblink_text_shadow_style,%91object Object%93&Prime; link_text_shadow_vertical_length_tablet=\u00a0\u00bb0px\u00a0\u00bb link_text_shadow_blur_strength=\u00a0\u00bblink_text_shadow_style,%91object Object%93&Prime; link_text_shadow_blur_strength_tablet=\u00a0\u00bb1px\u00a0\u00bb ul_text_shadow_horizontal_length=\u00a0\u00bbul_text_shadow_style,%91object Object%93&Prime; ul_text_shadow_horizontal_length_tablet=\u00a0\u00bb0px\u00a0\u00bb ul_text_shadow_vertical_length=\u00a0\u00bbul_text_shadow_style,%91object Object%93&Prime; ul_text_shadow_vertical_length_tablet=\u00a0\u00bb0px\u00a0\u00bb ul_text_shadow_blur_strength=\u00a0\u00bbul_text_shadow_style,%91object Object%93&Prime; ul_text_shadow_blur_strength_tablet=\u00a0\u00bb1px\u00a0\u00bb ol_text_shadow_horizontal_length=\u00a0\u00bbol_text_shadow_style,%91object Object%93&Prime; ol_text_shadow_horizontal_length_tablet=\u00a0\u00bb0px\u00a0\u00bb ol_text_shadow_vertical_length=\u00a0\u00bbol_text_shadow_style,%91object Object%93&Prime; ol_text_shadow_vertical_length_tablet=\u00a0\u00bb0px\u00a0\u00bb ol_text_shadow_blur_strength=\u00a0\u00bbol_text_shadow_style,%91object Object%93&Prime; ol_text_shadow_blur_strength_tablet=\u00a0\u00bb1px\u00a0\u00bb quote_text_shadow_horizontal_length=\u00a0\u00bbquote_text_shadow_style,%91object Object%93&Prime; quote_text_shadow_horizontal_length_tablet=\u00a0\u00bb0px\u00a0\u00bb quote_text_shadow_vertical_length=\u00a0\u00bbquote_text_shadow_style,%91object Object%93&Prime; quote_text_shadow_vertical_length_tablet=\u00a0\u00bb0px\u00a0\u00bb quote_text_shadow_blur_strength=\u00a0\u00bbquote_text_shadow_style,%91object Object%93&Prime; quote_text_shadow_blur_strength_tablet=\u00a0\u00bb1px\u00a0\u00bb header_text_shadow_horizontal_length=\u00a0\u00bbheader_text_shadow_style,%91object Object%93&Prime; header_text_shadow_horizontal_length_tablet=\u00a0\u00bb0px\u00a0\u00bb header_text_shadow_vertical_length=\u00a0\u00bbheader_text_shadow_style,%91object Object%93&Prime; header_text_shadow_vertical_length_tablet=\u00a0\u00bb0px\u00a0\u00bb header_text_shadow_blur_strength=\u00a0\u00bbheader_text_shadow_style,%91object Object%93&Prime; header_text_shadow_blur_strength_tablet=\u00a0\u00bb1px\u00a0\u00bb header_2_text_shadow_horizontal_length=\u00a0\u00bbheader_2_text_shadow_style,%91object Object%93&Prime; header_2_text_shadow_horizontal_length_tablet=\u00a0\u00bb0px\u00a0\u00bb header_2_text_shadow_vertical_length=\u00a0\u00bbheader_2_text_shadow_style,%91object Object%93&Prime; header_2_text_shadow_vertical_length_tablet=\u00a0\u00bb0px\u00a0\u00bb header_2_text_shadow_blur_strength=\u00a0\u00bbheader_2_text_shadow_style,%91object Object%93&Prime; header_2_text_shadow_blur_strength_tablet=\u00a0\u00bb1px\u00a0\u00bb header_3_text_shadow_horizontal_length=\u00a0\u00bbheader_3_text_shadow_style,%91object Object%93&Prime; header_3_text_shadow_horizontal_length_tablet=\u00a0\u00bb0px\u00a0\u00bb header_3_text_shadow_vertical_length=\u00a0\u00bbheader_3_text_shadow_style,%91object Object%93&Prime; header_3_text_shadow_vertical_length_tablet=\u00a0\u00bb0px\u00a0\u00bb header_3_text_shadow_blur_strength=\u00a0\u00bbheader_3_text_shadow_style,%91object Object%93&Prime; header_3_text_shadow_blur_strength_tablet=\u00a0\u00bb1px\u00a0\u00bb header_4_text_shadow_horizontal_length=\u00a0\u00bbheader_4_text_shadow_style,%91object Object%93&Prime; header_4_text_shadow_horizontal_length_tablet=\u00a0\u00bb0px\u00a0\u00bb header_4_text_shadow_vertical_length=\u00a0\u00bbheader_4_text_shadow_style,%91object Object%93&Prime; header_4_text_shadow_vertical_length_tablet=\u00a0\u00bb0px\u00a0\u00bb header_4_text_shadow_blur_strength=\u00a0\u00bbheader_4_text_shadow_style,%91object Object%93&Prime; header_4_text_shadow_blur_strength_tablet=\u00a0\u00bb1px\u00a0\u00bb header_5_text_shadow_horizontal_length=\u00a0\u00bbheader_5_text_shadow_style,%91object Object%93&Prime; header_5_text_shadow_horizontal_length_tablet=\u00a0\u00bb0px\u00a0\u00bb header_5_text_shadow_vertical_length=\u00a0\u00bbheader_5_text_shadow_style,%91object Object%93&Prime; header_5_text_shadow_vertical_length_tablet=\u00a0\u00bb0px\u00a0\u00bb header_5_text_shadow_blur_strength=\u00a0\u00bbheader_5_text_shadow_style,%91object Object%93&Prime; header_5_text_shadow_blur_strength_tablet=\u00a0\u00bb1px\u00a0\u00bb header_6_text_shadow_horizontal_length=\u00a0\u00bbheader_6_text_shadow_style,%91object Object%93&Prime; header_6_text_shadow_horizontal_length_tablet=\u00a0\u00bb0px\u00a0\u00bb header_6_text_shadow_vertical_length=\u00a0\u00bbheader_6_text_shadow_style,%91object Object%93&Prime; header_6_text_shadow_vertical_length_tablet=\u00a0\u00bb0px\u00a0\u00bb header_6_text_shadow_blur_strength=\u00a0\u00bbheader_6_text_shadow_style,%91object Object%93&Prime; header_6_text_shadow_blur_strength_tablet=\u00a0\u00bb1px\u00a0\u00bb box_shadow_horizontal_tablet=\u00a0\u00bb0px\u00a0\u00bb box_shadow_vertical_tablet=\u00a0\u00bb0px\u00a0\u00bb box_shadow_blur_tablet=\u00a0\u00bb40px\u00a0\u00bb box_shadow_spread_tablet=\u00a0\u00bb0px\u00a0\u00bb z_index_tablet=\u00a0\u00bb500&Prime;]<\/p>\n<h1 class=\"h2-redstroke\">COTE DE CR\u00c9DIT<\/h1>\n<p>Si vous avez emprunt\u00e9 pour l\u2019achat d\u2019une voiture ou d\u2019une maison ou si vous avez fait demande d\u2019une carte de cr\u00e9dit ou de tout autre pr\u00eat personnel, vous avez une cote de cr\u00e9dit.<\/p>\n<p>Votre rapport de cr\u00e9dit est le portrait de vos ant\u00e9c\u00e9dents financiers. Il contient des renseignements au sujet des pr\u00eats que vous avez faits, si vous payez r\u00e9guli\u00e8rement \u00e0 temps, ce que vous devez, votre limite sur chacun de ces pr\u00eats. Vous \u00e9tablissez de bons ant\u00e9c\u00e9dents de dette quand vous parvenez \u00e0 faire vos mensualit\u00e9s sur les cartes de cr\u00e9dit et vos autres pr\u00eats dans les d\u00e9lais requis.<\/p>\n<p>Il s\u2019agit de l\u2019outil le plus important utilis\u00e9 par les cr\u00e9anciers, comme les banques et les compagnies de carte de cr\u00e9dit, pour d\u00e9cider s\u2019ils vous accorderont du cr\u00e9dit. Si vous n\u2019avez pas d\u2019ant\u00e9c\u00e9dents de cr\u00e9dit, ou de mauvais ant\u00e9c\u00e9dents de cr\u00e9dit, il peut \u00eatre plus difficile pour vous d\u2019emprunter, surtout des sommes importantes comme une hypoth\u00e8que.<\/p>\n<p>Les deux bureaux de cr\u00e9dit les plus importants qui gardent vos renseignements en dossier sont Equifax Canada and TransUnion Canada. Il vous est recommand\u00e9 de communiquer avec eux sur une base annuelle pour obtenir une copie gratuite de votre rapport de cr\u00e9dit. Votre rapport de cr\u00e9dit gratuit est appel\u00e9 un \u00ab&nbsp;dossier de cr\u00e9dit \u00bb par Equifax Canada, et un \u00ab&nbsp;rapport cr\u00e9dit&nbsp;\u00bb par TransUnion Canada. Vous pouvez obtenir votre rapport en personne, par la poste, par t\u00e9l\u00e9phone et maintenant, en ligne.<\/p>\n<p>Rapport de cr\u00e9dit gratuits&nbsp;: &nbsp;&nbsp;<a href=\"http:\/\/www.consumer.equifax.ca\/home\/fr_ca\" target=\"_blank\" rel=\"noopener noreferrer\">Equifax&nbsp;Canada<\/a> et <a href=\"https:\/\/ocs.transunion.ca\/ocs\/home.html?lang=fr\" target=\"_blank\" rel=\"noopener noreferrer\">TransUnion Canada<\/a><\/p>\n<p>Examinez votre rapport de cr\u00e9dit pour y d\u00e9celer toute erreur et tout indice de vol d\u2019identit\u00e9. Vous pouvez demander aux bureaux de cr\u00e9dit de corriger les erreurs. C\u2019est gratuit. N\u2019oubliez pas, seules les erreurs ne peuvent \u00eatre corrig\u00e9es \u2013 aucun renseignement de fait, renseignements justes \u00e0 un compte de cr\u00e9dit ne peut \u00eatre chang\u00e9 par vous ou qui que ce soit.<\/p>\n<div class='et-box et-info'>\n\t\t\t\t\t<div class='et-box-content'>Soyez vigilants pour d\u00e9celer&nbsp;:<\/p>\n<ul>\n<li>Des erreurs dans vos renseignements personnels, comme des adresses postales erron\u00e9es ou une erreur dans la date de naissance;<\/li>\n<li>Des erreurs dans les compte de carte de cr\u00e9dit de pr\u00eat, comme un paiement que vous avez fait \u00e0 temps qui est inscrit comme en retard;<\/li>\n<li>Des renseignements n\u00e9gatifs au sujet de vos comptes qui sont toujours indiqu\u00e9s apr\u00e8s le nombre maximal d\u2019ann\u00e9es permis;<\/li>\n<li>Des comptes inscrits que vous n\u2019avez jamais ouvert vous-m\u00eame, qui sont une indication d\u2019un vol d\u2019identit\u00e9.<\/li>\n<\/ul>\n<p>Source&nbsp;: Agence de la consommation en mati\u00e8re financi\u00e8re du Canada<\/div><\/div>\n<p>Dans le but d\u2019am\u00e9liorer votre cote de cr\u00e9dit, faites toujours vos mensualit\u00e9s \u00e0 temps. Si vous n\u2019est pas en mesure de rembourser la somme compl\u00e8te, faites au moins les paiements minimum. Si vous avez de la difficult\u00e9 \u00e0 payer un compte, communiquez imm\u00e9diatement avec votre cr\u00e9ancier. N\u00e9gociez un plan pour rembourser votre dette. Si ce n\u2019est pas possible, nous vous conseillons de fixer un rendez-vous pour consulter un conseiller en mati\u00e8re de cr\u00e9dit.<\/p>\n<p>Si vous aimeriez recevoir de plus amples renseignements au sujet des rapports de cr\u00e9dit et du pointage de cr\u00e9dit, consultez <a href=\"http:\/\/www.fcac-acfc.gc.ca\/Fra\/ressources\/publications\/creditPrets\/Pages\/Understa-Comprend-15.aspx\" target=\"_blank\" rel=\"noopener noreferrer\">l\u2019Agence de la consommation en mati\u00e8re financi\u00e8re du Canada<\/a>.<\/p>\n<p>[\/et_pb_text][\/et_pb_column][\/et_pb_row][\/et_pb_section]<\/p>\n","protected":false},"excerpt":{"rendered":"<p>\u00c9DUCATION COTE DE CR\u00c9DIT Si vous avez emprunt\u00e9 pour l\u2019achat d\u2019une voiture ou d\u2019une maison ou si vous avez fait demande d\u2019une carte de cr\u00e9dit ou de tout autre pr\u00eat [&hellip;]<\/p>\n","protected":false},"author":1,"featured_media":0,"parent":0,"menu_order":0,"comment_status":"closed","ping_status":"closed","template":"","meta":{"_et_pb_use_builder":"on","_et_pb_old_content":"If you\u2019ve ever borrowed money to buy a car or a house or have applied for a credit card or any other personal loan you have a credit report.\r\n\r\nYour credit report is a snapshot of your financial history. It contains information about loans you have taken out, whether you regularly pay on time, how much you owe, what your credit limit is on each. You build a good credit history by consistently making payments on your credit cards and other loans on time.\r\n\r\nIt is one of the primary tools that creditors, like banks and credit card companies, use to decide whether to grant you credit. If you have no credit history, or a bad credit history, you may have more difficulty borrowing money, especially large amounts such as a mortgage.\r\n\r\nThe two major credit reporting agencies that keep your information on file are Equifax Canada and TransUnion Canada. It is recommended that you contact them annually to obtain a free copy of your credit report. Your free credit report is called a \u201ccredit file disclosure\u201d by Equifax Canada and a \u201cconsumer disclosure\u201d by TransUnion Canada. You can obtain your report in person, by mail, phone fax and now online.\r\n\r\nFree Credit Reports: \u00a0\u00a0<a href=\"http:\/\/www.consumer.equifax.ca\/home\/en_ca\" target=\"_blank\">Equifax\u00a0Canada<\/a> & <a href=\"https:\/\/ocs.transunion.ca\/ocs\/home.html?lang=en\" target=\"_blank\">TransUnion of Canada<\/a>\r\n\r\nCheck your credit report for errors and signs of identity theft. You can ask the credit reporting agencies to correct errors. It\u2019s free. Remember, only errors can be corrected \u2013 no factual, accurate information related to a credit account can be changed by you or anyone else.\r\n\r\nTo improve your credit rating, always make your payments on time. If you cannot pay the full amount, make at least the minimum payments. If you will have trouble paying a bill, contact your creditor immediately. Negotiate a plan to repay your debt. If this is not possible we recommend you schedule an appointment to see a credit counsellor.\r\n\r\nIf you would like more information on credit reports and credit scoring go to\u00a0<a href=\"http:\/\/www.fcac-acfc.gc.ca\/Eng\/resources\/publications\/creditLoans\/Pages\/Understa-Comprend-15.aspx\" target=\"_blank\">Financial Consumer Agency of Canada<\/a>.","_et_gb_content_width":"","footnotes":""},"class_list":["post-662","page","type-page","status-publish","hentry"],"yoast_head":"<!-- This site is optimized with the Yoast SEO plugin v27.3 - https:\/\/yoast.com\/product\/yoast-seo-wordpress\/ -->\n<title>Cote de cr\u00e9dit- Conseil en cr\u00e9dit du canada<\/title>\n<meta name=\"description\" content=\"Votre rapport de cr\u00e9dit est le portrait de vos ant\u00e9c\u00e9dents financiers. Examinez votre rapport de cr\u00e9dit.\" \/>\n<meta name=\"robots\" content=\"index, follow, max-snippet:-1, max-image-preview:large, max-video-preview:-1\" \/>\n<link rel=\"canonical\" href=\"https:\/\/creditcounsellingcanada.ca\/fr\/cote-de-credit\/\" \/>\n<meta property=\"og:locale\" content=\"fr_FR\" \/>\n<meta property=\"og:type\" content=\"article\" \/>\n<meta property=\"og:title\" content=\"Cote de cr\u00e9dit- Conseil en cr\u00e9dit du canada\" \/>\n<meta property=\"og:description\" content=\"Votre rapport de cr\u00e9dit est le portrait de vos ant\u00e9c\u00e9dents financiers. Examinez votre rapport de cr\u00e9dit.\" \/>\n<meta property=\"og:url\" content=\"https:\/\/creditcounsellingcanada.ca\/fr\/cote-de-credit\/\" \/>\n<meta property=\"og:site_name\" content=\"Conseil en cr\u00e9dit du Canada Fran\u00e7ais\" \/>\n<meta property=\"article:modified_time\" content=\"2020-08-28T17:26:25+00:00\" \/>\n<meta name=\"twitter:card\" content=\"summary_large_image\" \/>\n<meta name=\"twitter:label1\" content=\"Dur\u00e9e de lecture estim\u00e9e\" \/>\n\t<meta name=\"twitter:data1\" content=\"8 minutes\" \/>\n<script type=\"application\/ld+json\" class=\"yoast-schema-graph\">{\"@context\":\"https:\\\/\\\/schema.org\",\"@graph\":[{\"@type\":\"WebPage\",\"@id\":\"https:\\\/\\\/creditcounsellingcanada.ca\\\/fr\\\/cote-de-credit\\\/\",\"url\":\"https:\\\/\\\/creditcounsellingcanada.ca\\\/fr\\\/cote-de-credit\\\/\",\"name\":\"Cote de cr\u00e9dit- Conseil en cr\u00e9dit du canada\",\"isPartOf\":{\"@id\":\"https:\\\/\\\/creditcounsellingcanada.ca\\\/fr\\\/#website\"},\"datePublished\":\"2016-12-21T17:35:00+00:00\",\"dateModified\":\"2020-08-28T17:26:25+00:00\",\"description\":\"Votre rapport de cr\u00e9dit est le portrait de vos ant\u00e9c\u00e9dents financiers. Examinez votre rapport de cr\u00e9dit.\",\"breadcrumb\":{\"@id\":\"https:\\\/\\\/creditcounsellingcanada.ca\\\/fr\\\/cote-de-credit\\\/#breadcrumb\"},\"inLanguage\":\"fr-FR\",\"potentialAction\":[{\"@type\":\"ReadAction\",\"target\":[\"https:\\\/\\\/creditcounsellingcanada.ca\\\/fr\\\/cote-de-credit\\\/\"]}]},{\"@type\":\"BreadcrumbList\",\"@id\":\"https:\\\/\\\/creditcounsellingcanada.ca\\\/fr\\\/cote-de-credit\\\/#breadcrumb\",\"itemListElement\":[{\"@type\":\"ListItem\",\"position\":1,\"name\":\"Home\",\"item\":\"https:\\\/\\\/creditcounsellingcanada.ca\\\/fr\\\/\"},{\"@type\":\"ListItem\",\"position\":2,\"name\":\"Cote de cr\u00e9dit\"}]},{\"@type\":\"WebSite\",\"@id\":\"https:\\\/\\\/creditcounsellingcanada.ca\\\/fr\\\/#website\",\"url\":\"https:\\\/\\\/creditcounsellingcanada.ca\\\/fr\\\/\",\"name\":\"Conseil en cr\u00e9dit du Canada Fran\u00e7ais\",\"description\":\"Canada\u2019s Specialists in Debt Consolidation Alternatives &amp; Credit Counselling\",\"potentialAction\":[{\"@type\":\"SearchAction\",\"target\":{\"@type\":\"EntryPoint\",\"urlTemplate\":\"https:\\\/\\\/creditcounsellingcanada.ca\\\/fr\\\/?s={search_term_string}\"},\"query-input\":{\"@type\":\"PropertyValueSpecification\",\"valueRequired\":true,\"valueName\":\"search_term_string\"}}],\"inLanguage\":\"fr-FR\"}]}<\/script>\n<!-- \/ Yoast SEO plugin. -->","yoast_head_json":{"title":"Cote de cr\u00e9dit- Conseil en cr\u00e9dit du canada","description":"Votre rapport de cr\u00e9dit est le portrait de vos ant\u00e9c\u00e9dents financiers. Examinez votre rapport de cr\u00e9dit.","robots":{"index":"index","follow":"follow","max-snippet":"max-snippet:-1","max-image-preview":"max-image-preview:large","max-video-preview":"max-video-preview:-1"},"canonical":"https:\/\/creditcounsellingcanada.ca\/fr\/cote-de-credit\/","og_locale":"fr_FR","og_type":"article","og_title":"Cote de cr\u00e9dit- Conseil en cr\u00e9dit du canada","og_description":"Votre rapport de cr\u00e9dit est le portrait de vos ant\u00e9c\u00e9dents financiers. Examinez votre rapport de cr\u00e9dit.","og_url":"https:\/\/creditcounsellingcanada.ca\/fr\/cote-de-credit\/","og_site_name":"Conseil en cr\u00e9dit du Canada Fran\u00e7ais","article_modified_time":"2020-08-28T17:26:25+00:00","twitter_card":"summary_large_image","twitter_misc":{"Dur\u00e9e de lecture estim\u00e9e":"8 minutes"},"schema":{"@context":"https:\/\/schema.org","@graph":[{"@type":"WebPage","@id":"https:\/\/creditcounsellingcanada.ca\/fr\/cote-de-credit\/","url":"https:\/\/creditcounsellingcanada.ca\/fr\/cote-de-credit\/","name":"Cote de cr\u00e9dit- Conseil en cr\u00e9dit du canada","isPartOf":{"@id":"https:\/\/creditcounsellingcanada.ca\/fr\/#website"},"datePublished":"2016-12-21T17:35:00+00:00","dateModified":"2020-08-28T17:26:25+00:00","description":"Votre rapport de cr\u00e9dit est le portrait de vos ant\u00e9c\u00e9dents financiers. Examinez votre rapport de cr\u00e9dit.","breadcrumb":{"@id":"https:\/\/creditcounsellingcanada.ca\/fr\/cote-de-credit\/#breadcrumb"},"inLanguage":"fr-FR","potentialAction":[{"@type":"ReadAction","target":["https:\/\/creditcounsellingcanada.ca\/fr\/cote-de-credit\/"]}]},{"@type":"BreadcrumbList","@id":"https:\/\/creditcounsellingcanada.ca\/fr\/cote-de-credit\/#breadcrumb","itemListElement":[{"@type":"ListItem","position":1,"name":"Home","item":"https:\/\/creditcounsellingcanada.ca\/fr\/"},{"@type":"ListItem","position":2,"name":"Cote de cr\u00e9dit"}]},{"@type":"WebSite","@id":"https:\/\/creditcounsellingcanada.ca\/fr\/#website","url":"https:\/\/creditcounsellingcanada.ca\/fr\/","name":"Conseil en cr\u00e9dit du Canada Fran\u00e7ais","description":"Canada\u2019s Specialists in Debt Consolidation Alternatives &amp; Credit Counselling","potentialAction":[{"@type":"SearchAction","target":{"@type":"EntryPoint","urlTemplate":"https:\/\/creditcounsellingcanada.ca\/fr\/?s={search_term_string}"},"query-input":{"@type":"PropertyValueSpecification","valueRequired":true,"valueName":"search_term_string"}}],"inLanguage":"fr-FR"}]}},"_links":{"self":[{"href":"https:\/\/creditcounsellingcanada.ca\/fr\/wp-json\/wp\/v2\/pages\/662","targetHints":{"allow":["GET"]}}],"collection":[{"href":"https:\/\/creditcounsellingcanada.ca\/fr\/wp-json\/wp\/v2\/pages"}],"about":[{"href":"https:\/\/creditcounsellingcanada.ca\/fr\/wp-json\/wp\/v2\/types\/page"}],"author":[{"embeddable":true,"href":"https:\/\/creditcounsellingcanada.ca\/fr\/wp-json\/wp\/v2\/users\/1"}],"replies":[{"embeddable":true,"href":"https:\/\/creditcounsellingcanada.ca\/fr\/wp-json\/wp\/v2\/comments?post=662"}],"version-history":[{"count":4,"href":"https:\/\/creditcounsellingcanada.ca\/fr\/wp-json\/wp\/v2\/pages\/662\/revisions"}],"predecessor-version":[{"id":7962,"href":"https:\/\/creditcounsellingcanada.ca\/fr\/wp-json\/wp\/v2\/pages\/662\/revisions\/7962"}],"wp:attachment":[{"href":"https:\/\/creditcounsellingcanada.ca\/fr\/wp-json\/wp\/v2\/media?parent=662"}],"curies":[{"name":"wp","href":"https:\/\/api.w.org\/{rel}","templated":true}]}}