{"id":669,"date":"2016-12-21T12:59:01","date_gmt":"2016-12-21T17:59:01","guid":{"rendered":"http:\/\/creditcounsellingcanada.ca\/?page_id=669\/"},"modified":"2017-08-13T14:06:06","modified_gmt":"2017-08-13T18:06:06","slug":"adhesion-agrement-normes","status":"publish","type":"page","link":"https:\/\/creditcounsellingcanada.ca\/fr\/adhesion-agrement-normes\/","title":{"rendered":"Adh\u00e9sion, agr\u00e9ment et normes"},"content":{"rendered":"<p>[et_pb_section admin_label=\u00a0\u00bbsection\u00a0\u00bb transparent_background=\u00a0\u00bboff\u00a0\u00bb allow_player_pause=\u00a0\u00bboff\u00a0\u00bb inner_shadow=\u00a0\u00bboff\u00a0\u00bb parallax=\u00a0\u00bboff\u00a0\u00bb parallax_method=\u00a0\u00bboff\u00a0\u00bb custom_padding=\u00a0\u00bb0px|0px|0px|0px\u00a0\u00bb padding_mobile=\u00a0\u00bbon\u00a0\u00bb make_fullwidth=\u00a0\u00bboff\u00a0\u00bb use_custom_width=\u00a0\u00bboff\u00a0\u00bb width_unit=\u00a0\u00bbon\u00a0\u00bb make_equal=\u00a0\u00bboff\u00a0\u00bb use_custom_gutter=\u00a0\u00bboff\u00a0\u00bb background_image=\u00a0\u00bbhttps:\/\/creditcounsellingcanada.ca\/wp-content\/uploads\/2016\/11\/page-title-how-we-can-help-final.jpg\u00a0\u00bb module_class=\u00a0\u00bbpage-title-image\u00a0\u00bb custom_css_main_element=\u00a0\u00bbdisplay: none;\u00a0\u00bb][et_pb_row admin_label=\u00a0\u00bbrow\u00a0\u00bb make_fullwidth=\u00a0\u00bbon\u00a0\u00bb use_custom_width=\u00a0\u00bboff\u00a0\u00bb width_unit=\u00a0\u00bbon\u00a0\u00bb use_custom_gutter=\u00a0\u00bboff\u00a0\u00bb custom_padding=\u00a0\u00bb0px|0px|0px|0px\u00a0\u00bb padding_mobile=\u00a0\u00bbon\u00a0\u00bb allow_player_pause=\u00a0\u00bboff\u00a0\u00bb parallax=\u00a0\u00bboff\u00a0\u00bb parallax_method=\u00a0\u00bboff\u00a0\u00bb make_equal=\u00a0\u00bboff\u00a0\u00bb parallax_1=\u00a0\u00bboff\u00a0\u00bb parallax_method_1=\u00a0\u00bboff\u00a0\u00bb column_padding_mobile=\u00a0\u00bbon\u00a0\u00bb][et_pb_column type=\u00a0\u00bb4_4&Prime;][et_pb_text admin_label=\u00a0\u00bbHow We Can Help Image Page Title\u00a0\u00bb background_layout=\u00a0\u00bblight\u00a0\u00bb text_orientation=\u00a0\u00bbleft\u00a0\u00bb use_border_color=\u00a0\u00bboff\u00a0\u00bb border_color=\u00a0\u00bb#ffffff\u00a0\u00bb border_style=\u00a0\u00bbsolid\u00a0\u00bb]<\/p>\n<h2>HOW WE&nbsp;CAN HELP<\/h2>\n<p>[\/et_pb_text][\/et_pb_column][\/et_pb_row][\/et_pb_section][et_pb_section admin_label=\u00a0\u00bbsection\u00a0\u00bb transparent_background=\u00a0\u00bboff\u00a0\u00bb allow_player_pause=\u00a0\u00bboff\u00a0\u00bb inner_shadow=\u00a0\u00bboff\u00a0\u00bb parallax=\u00a0\u00bboff\u00a0\u00bb parallax_method=\u00a0\u00bboff\u00a0\u00bb padding_mobile=\u00a0\u00bbon\u00a0\u00bb make_fullwidth=\u00a0\u00bboff\u00a0\u00bb use_custom_width=\u00a0\u00bboff\u00a0\u00bb width_unit=\u00a0\u00bbon\u00a0\u00bb make_equal=\u00a0\u00bboff\u00a0\u00bb use_custom_gutter=\u00a0\u00bboff\u00a0\u00bb module_class=\u00a0\u00bbcustom-sidebar-page\u00a0\u00bb custom_padding=\u00a0\u00bb9px||9px|\u00a0\u00bb][et_pb_row admin_label=\u00a0\u00bbrow\u00a0\u00bb][et_pb_column type=\u00a0\u00bb4_4&Prime;][et_pb_text admin_label=\u00a0\u00bbText\u00a0\u00bb background_layout=\u00a0\u00bblight\u00a0\u00bb text_orientation=\u00a0\u00bbleft\u00a0\u00bb use_border_color=\u00a0\u00bboff\u00a0\u00bb border_color=\u00a0\u00bb#ffffff\u00a0\u00bb border_style=\u00a0\u00bbsolid\u00a0\u00bb]<\/p>\n<h1 class=\"h2-redstroke\">ADH\u00c9SION, AGR\u00c9MENT<br \/>\nET NORMES<\/h1>\n<p>Le fait de travailler avec quelqu\u2019un \u00e0 qui vous pouvez faire confiance, que ce soit la personne qui construit votre maison, votre m\u00e9canicien ou un conseiller en mati\u00e8re de cr\u00e9dit, vous voulez vous assurer d\u2019obtenir les meilleurs services possible. L\u2019agr\u00e9ment \/la certification aide \u00e0 faire en sorte que la personne qui offre le service r\u00e9pond \u00e0 une norme g\u00e9n\u00e9rale de qualit\u00e9.<\/p>\n<p>Voil\u00e0 pourquoi Conseil en cr\u00e9dit du canada est d\u2019avis que l\u2019agr\u00e9ment est important et l\u2019exige de la part de tous ces organismes membres. Le statut non lucratif de nos membres, combin\u00e9 \u00e0 nos mesures d\u2019agr\u00e9ment, favorise une conformit\u00e9 aux normes de d\u00e9ontologie les plus \u00e9lev\u00e9es et aux meilleures pratiques d\u2019affaires. Cela garantit une exp\u00e9rience de conseil en cr\u00e9dit de qualit\u00e9 sup\u00e9rieure.<\/p>\n<p>Conseil en cr\u00e9dit du canada se sert d\u2019outils d\u2019\u00e9valuation fond\u00e9s sur des donn\u00e9es probantes qui appliquent des normes op\u00e9rationnelles uniformes aux organismes membres partout au Canada. Nous r\u00e9glementons et surveillons&nbsp;:<\/p>\n<ul>\n<li>L\u2019int\u00e9grit\u00e9 organisationnelle;<\/li>\n<li>La responsabilit\u00e9 financi\u00e8re;<\/li>\n<li>La gestion du risque;<\/li>\n<li>Les ressources humaines;<\/li>\n<li>La prestation du programme.<\/li>\n<\/ul>\n<p>En plus de la conformit\u00e9 continue \u00e0 des normes rigoureuses au niveau organisationnel, la qualit\u00e9 du service offert par le personnel de conseil en cr\u00e9dit est \u00e9galement assur\u00e9e. Tous les membres du personnel en mati\u00e8re de conseil doivent obtenir la d\u00e9signation de conseiller financier autoris\u00e9 du Canada <em>(Accredited Financial Counsellor Canada\u00ae)<\/em>, et se conformer \u00e0 notre code de d\u00e9ontologie et les normes de pratique \u00e9tablies et surveill\u00e9es par notre processus d\u2019agr\u00e9ment.<\/p>\n<p>[\/et_pb_text][\/et_pb_column][\/et_pb_row][\/et_pb_section]<\/p>\n","protected":false},"excerpt":{"rendered":"<p>HOW WE&nbsp;CAN HELP ADH\u00c9SION, AGR\u00c9MENT ET NORMES Le fait de travailler avec quelqu\u2019un \u00e0 qui vous pouvez faire confiance, que ce soit la personne qui construit votre maison, votre m\u00e9canicien [&hellip;]<\/p>\n","protected":false},"author":1,"featured_media":0,"parent":0,"menu_order":0,"comment_status":"closed","ping_status":"closed","template":"","meta":{"_et_pb_use_builder":"on","_et_pb_old_content":"When working with a professional you can trust, whether it is the person building your house, your mechanic or a credit counsellor, you want to make sure you are getting the best service possible. Accreditation and certification helps to ensure that the person delivering the service meets a general standard of quality.\r\n\r\nThat is why Credit Counselling Canada believes accreditation is important and requires it of all member agencies. Our members\u2019 not-for-profit status coupled with our accreditation measures assures compliance to the highest ethical standards and best business practices. This promises a top-quality credit counselling experience.\r\n\r\nCredit Counselling Canada uses outcome-based assessment tools that apply uniform operational standards to member agencies across Canada. We regulate and monitor:\r\n<ul>\r\n \t<li>Organizational Integrity<\/li>\r\n \t<li>Financial Responsibility<\/li>\r\n \t<li>Risk Management<\/li>\r\n \t<li>Human Resources<\/li>\r\n \t<li>Program Delivery<\/li>\r\n<\/ul>\r\nIn addition to ongoing compliance to rigorous standards at the organizational level, the quality of service by credit counselling staff is also assured. All counselling staff must achieve an Accredited Financial Counsellor Canada\u00ae designation and comply with our code of Ethics and Standards of Practice established and monitored by our accreditation process.","_et_gb_content_width":"","footnotes":""},"class_list":["post-669","page","type-page","status-publish","hentry"],"yoast_head":"<!-- This site is optimized with the Yoast SEO plugin v27.3 - https:\/\/yoast.com\/product\/yoast-seo-wordpress\/ -->\n<title>Adh\u00e9sion, agr\u00e9ments et normes- Conseil en cr\u00e9dit du Canada<\/title>\n<meta name=\"description\" content=\"Nos mesures d\u2019agr\u00e9ment, favorise une conformit\u00e9 aux normes de d\u00e9ontologie les plus \u00e9lev\u00e9es et aux meilleures pratiques d\u2019affaires.\" \/>\n<meta name=\"robots\" content=\"index, follow, max-snippet:-1, max-image-preview:large, max-video-preview:-1\" \/>\n<link rel=\"canonical\" href=\"https:\/\/creditcounsellingcanada.ca\/fr\/adhesion-agrement-normes\/\" \/>\n<meta property=\"og:locale\" content=\"fr_FR\" \/>\n<meta property=\"og:type\" content=\"article\" \/>\n<meta property=\"og:title\" content=\"Adh\u00e9sion, agr\u00e9ments et normes- Conseil en cr\u00e9dit du Canada\" \/>\n<meta property=\"og:description\" content=\"Nos mesures d\u2019agr\u00e9ment, favorise une conformit\u00e9 aux normes de d\u00e9ontologie les plus \u00e9lev\u00e9es et aux meilleures pratiques d\u2019affaires.\" \/>\n<meta property=\"og:url\" content=\"https:\/\/creditcounsellingcanada.ca\/fr\/adhesion-agrement-normes\/\" \/>\n<meta property=\"og:site_name\" content=\"Conseil en cr\u00e9dit du Canada Fran\u00e7ais\" \/>\n<meta property=\"article:modified_time\" content=\"2017-08-13T18:06:06+00:00\" \/>\n<meta name=\"twitter:card\" content=\"summary_large_image\" \/>\n<meta name=\"twitter:label1\" content=\"Dur\u00e9e de lecture estim\u00e9e\" \/>\n\t<meta name=\"twitter:data1\" content=\"3 minutes\" \/>\n<script type=\"application\/ld+json\" class=\"yoast-schema-graph\">{\"@context\":\"https:\\\/\\\/schema.org\",\"@graph\":[{\"@type\":\"WebPage\",\"@id\":\"https:\\\/\\\/creditcounsellingcanada.ca\\\/fr\\\/adhesion-agrement-normes\\\/\",\"url\":\"https:\\\/\\\/creditcounsellingcanada.ca\\\/fr\\\/adhesion-agrement-normes\\\/\",\"name\":\"Adh\u00e9sion, agr\u00e9ments et normes- Conseil en cr\u00e9dit du Canada\",\"isPartOf\":{\"@id\":\"https:\\\/\\\/creditcounsellingcanada.ca\\\/fr\\\/#website\"},\"datePublished\":\"2016-12-21T17:59:01+00:00\",\"dateModified\":\"2017-08-13T18:06:06+00:00\",\"description\":\"Nos mesures d\u2019agr\u00e9ment, favorise une conformit\u00e9 aux normes de d\u00e9ontologie les plus \u00e9lev\u00e9es et aux meilleures pratiques d\u2019affaires.\",\"breadcrumb\":{\"@id\":\"https:\\\/\\\/creditcounsellingcanada.ca\\\/fr\\\/adhesion-agrement-normes\\\/#breadcrumb\"},\"inLanguage\":\"fr-FR\",\"potentialAction\":[{\"@type\":\"ReadAction\",\"target\":[\"https:\\\/\\\/creditcounsellingcanada.ca\\\/fr\\\/adhesion-agrement-normes\\\/\"]}]},{\"@type\":\"BreadcrumbList\",\"@id\":\"https:\\\/\\\/creditcounsellingcanada.ca\\\/fr\\\/adhesion-agrement-normes\\\/#breadcrumb\",\"itemListElement\":[{\"@type\":\"ListItem\",\"position\":1,\"name\":\"Home\",\"item\":\"https:\\\/\\\/creditcounsellingcanada.ca\\\/fr\\\/\"},{\"@type\":\"ListItem\",\"position\":2,\"name\":\"Adh\u00e9sion, agr\u00e9ment et normes\"}]},{\"@type\":\"WebSite\",\"@id\":\"https:\\\/\\\/creditcounsellingcanada.ca\\\/fr\\\/#website\",\"url\":\"https:\\\/\\\/creditcounsellingcanada.ca\\\/fr\\\/\",\"name\":\"Conseil en cr\u00e9dit du Canada Fran\u00e7ais\",\"description\":\"Canada\u2019s Specialists in Debt Consolidation Alternatives &amp; Credit Counselling\",\"potentialAction\":[{\"@type\":\"SearchAction\",\"target\":{\"@type\":\"EntryPoint\",\"urlTemplate\":\"https:\\\/\\\/creditcounsellingcanada.ca\\\/fr\\\/?s={search_term_string}\"},\"query-input\":{\"@type\":\"PropertyValueSpecification\",\"valueRequired\":true,\"valueName\":\"search_term_string\"}}],\"inLanguage\":\"fr-FR\"}]}<\/script>\n<!-- \/ Yoast SEO plugin. -->","yoast_head_json":{"title":"Adh\u00e9sion, agr\u00e9ments et normes- Conseil en cr\u00e9dit du Canada","description":"Nos mesures d\u2019agr\u00e9ment, favorise une conformit\u00e9 aux normes de d\u00e9ontologie les plus \u00e9lev\u00e9es et aux meilleures pratiques d\u2019affaires.","robots":{"index":"index","follow":"follow","max-snippet":"max-snippet:-1","max-image-preview":"max-image-preview:large","max-video-preview":"max-video-preview:-1"},"canonical":"https:\/\/creditcounsellingcanada.ca\/fr\/adhesion-agrement-normes\/","og_locale":"fr_FR","og_type":"article","og_title":"Adh\u00e9sion, agr\u00e9ments et normes- Conseil en cr\u00e9dit du Canada","og_description":"Nos mesures d\u2019agr\u00e9ment, favorise une conformit\u00e9 aux normes de d\u00e9ontologie les plus \u00e9lev\u00e9es et aux meilleures pratiques d\u2019affaires.","og_url":"https:\/\/creditcounsellingcanada.ca\/fr\/adhesion-agrement-normes\/","og_site_name":"Conseil en cr\u00e9dit du Canada Fran\u00e7ais","article_modified_time":"2017-08-13T18:06:06+00:00","twitter_card":"summary_large_image","twitter_misc":{"Dur\u00e9e de lecture estim\u00e9e":"3 minutes"},"schema":{"@context":"https:\/\/schema.org","@graph":[{"@type":"WebPage","@id":"https:\/\/creditcounsellingcanada.ca\/fr\/adhesion-agrement-normes\/","url":"https:\/\/creditcounsellingcanada.ca\/fr\/adhesion-agrement-normes\/","name":"Adh\u00e9sion, agr\u00e9ments et normes- Conseil en cr\u00e9dit du Canada","isPartOf":{"@id":"https:\/\/creditcounsellingcanada.ca\/fr\/#website"},"datePublished":"2016-12-21T17:59:01+00:00","dateModified":"2017-08-13T18:06:06+00:00","description":"Nos mesures d\u2019agr\u00e9ment, favorise une conformit\u00e9 aux normes de d\u00e9ontologie les plus \u00e9lev\u00e9es et aux meilleures pratiques d\u2019affaires.","breadcrumb":{"@id":"https:\/\/creditcounsellingcanada.ca\/fr\/adhesion-agrement-normes\/#breadcrumb"},"inLanguage":"fr-FR","potentialAction":[{"@type":"ReadAction","target":["https:\/\/creditcounsellingcanada.ca\/fr\/adhesion-agrement-normes\/"]}]},{"@type":"BreadcrumbList","@id":"https:\/\/creditcounsellingcanada.ca\/fr\/adhesion-agrement-normes\/#breadcrumb","itemListElement":[{"@type":"ListItem","position":1,"name":"Home","item":"https:\/\/creditcounsellingcanada.ca\/fr\/"},{"@type":"ListItem","position":2,"name":"Adh\u00e9sion, agr\u00e9ment et normes"}]},{"@type":"WebSite","@id":"https:\/\/creditcounsellingcanada.ca\/fr\/#website","url":"https:\/\/creditcounsellingcanada.ca\/fr\/","name":"Conseil en cr\u00e9dit du Canada Fran\u00e7ais","description":"Canada\u2019s Specialists in Debt Consolidation Alternatives &amp; Credit Counselling","potentialAction":[{"@type":"SearchAction","target":{"@type":"EntryPoint","urlTemplate":"https:\/\/creditcounsellingcanada.ca\/fr\/?s={search_term_string}"},"query-input":{"@type":"PropertyValueSpecification","valueRequired":true,"valueName":"search_term_string"}}],"inLanguage":"fr-FR"}]}},"_links":{"self":[{"href":"https:\/\/creditcounsellingcanada.ca\/fr\/wp-json\/wp\/v2\/pages\/669","targetHints":{"allow":["GET"]}}],"collection":[{"href":"https:\/\/creditcounsellingcanada.ca\/fr\/wp-json\/wp\/v2\/pages"}],"about":[{"href":"https:\/\/creditcounsellingcanada.ca\/fr\/wp-json\/wp\/v2\/types\/page"}],"author":[{"embeddable":true,"href":"https:\/\/creditcounsellingcanada.ca\/fr\/wp-json\/wp\/v2\/users\/1"}],"replies":[{"embeddable":true,"href":"https:\/\/creditcounsellingcanada.ca\/fr\/wp-json\/wp\/v2\/comments?post=669"}],"version-history":[{"count":4,"href":"https:\/\/creditcounsellingcanada.ca\/fr\/wp-json\/wp\/v2\/pages\/669\/revisions"}],"predecessor-version":[{"id":3071,"href":"https:\/\/creditcounsellingcanada.ca\/fr\/wp-json\/wp\/v2\/pages\/669\/revisions\/3071"}],"wp:attachment":[{"href":"https:\/\/creditcounsellingcanada.ca\/fr\/wp-json\/wp\/v2\/media?parent=669"}],"curies":[{"name":"wp","href":"https:\/\/api.w.org\/{rel}","templated":true}]}}